{"id":1807,"date":"2021-05-11T11:03:38","date_gmt":"2021-05-11T10:03:38","guid":{"rendered":"https:\/\/hermann.iklp.eu\/new\/impressum\/"},"modified":"2021-06-01T14:44:02","modified_gmt":"2021-06-01T13:44:02","slug":"impressum","status":"publish","type":"page","link":"https:\/\/hermann.iklp.eu\/es\/impressum\/","title":{"rendered":"Aviso Legal"},"content":{"rendered":"\t\t<div data-elementor-type=\"wp-page\" data-elementor-id=\"1807\" class=\"elementor elementor-1807 elementor-1655\" data-elementor-post-type=\"page\">\n\t\t\t\t\t\t<section class=\"elementor-section elementor-top-section elementor-element elementor-element-1a95166 elementor-section-boxed elementor-section-height-default elementor-section-height-default\" data-id=\"1a95166\" data-element_type=\"section\" data-e-type=\"section\">\n\t\t\t\t\t\t<div class=\"elementor-container elementor-column-gap-default\">\n\t\t\t\t\t<div class=\"elementor-column elementor-col-100 elementor-top-column elementor-element elementor-element-7bf458c3\" data-id=\"7bf458c3\" data-element_type=\"column\" data-e-type=\"column\">\n\t\t\t<div class=\"elementor-widget-wrap elementor-element-populated\">\n\t\t\t\t\t\t<div class=\"elementor-element elementor-element-e2fe398 elementor-widget elementor-widget-text-editor\" data-id=\"e2fe398\" data-element_type=\"widget\" data-e-type=\"widget\" data-widget_type=\"text-editor.default\">\n\t\t\t\t<div class=\"elementor-widget-container\">\n\t\t\t\t\t\t\t\t\t<p dir=\"ltr\"><strong>Objeto y aceptaci\u00f3n<\/strong><\/p>\n<p dir=\"ltr\">El presente aviso legal regula el uso del sitio Web: https:\/\/hermann.iklp.eu<\/p>\n<p dir=\"ltr\">Datos del Prestador de Servicios de la Sociedad de la Informaci\u00f3n<\/p>\n<p dir=\"ltr\">El presente sitio web pertenece a HERMANN INMOBILIARIA, Maria Rosario \u00c1gueda Rodriguez, con CIF 42179669S, direcci\u00f3n en Avda. Tanaus\u00fa, 18, 38750 EL Paso.<\/p>\n<p dir=\"ltr\">La navegaci\u00f3n por la p\u00e1gina https:\/\/hermann.iklp.eu atribuye la condici\u00f3n de usuario de la misma e implica la aceptaci\u00f3n plena y sin reservas de todas y cada una de las disposiciones incluidas en este Aviso Legal, que pueden sufrir modificaciones.<\/p>\n<p dir=\"ltr\">El usuario se obliga a hacer un uso correcto del sitio Web de conformidad con las leyes, la buena fe, el orden p\u00fablico, los usos del tr\u00e1fico y el presente Aviso Legal. El Usuario responder\u00e1 frente a HERMANN INMOBILIARIA, Maria Rosario \u00c1gueda Rodriguez y frente a terceros, de los da\u00f1os y perjuicios que pudieran causarse como consecuencia del incumplimiento de dicha obligaci\u00f3n.<\/p>\n<p dir=\"ltr\"><strong>Condiciones generales de acceso y utilizaci\u00f3n<\/strong><\/p>\n<p dir=\"ltr\">El sitio Web y sus servicios son de acceso libre y gratuito. S\u00f3lo los mayores de 14 a\u00f1os podr\u00e1n facilitar datos a trav\u00e9s de nuestra web, ya que los menores de 14 a\u00f1os no pueden facilitarlos sin el consentimiento de los padres o tutores. Solo los mayores de 14 a\u00f1os podr\u00e1n realizar solicitudes o facilitar datos.<\/p>\n<p dir=\"ltr\">El Usuario garantiza la autenticidad y actualidad de todos aquellos datos que comunique a HERMANN INMOBILIARIA, Maria Rosario \u00c1gueda Rodriguez y ser\u00e1 el \u00fanico responsable de las manifestaciones falsas o inexactas que realice.<\/p>\n<p dir=\"ltr\">El Usuario se compromete expresamente a hacer un uso adecuado de los contenidos y servicios ofrecidos y a no emplearlos para:<\/p>\n<ul>\n<li dir=\"ltr\">\n<p dir=\"ltr\">Difundir contenidos delictivos, violentos, pornogr\u00e1ficos, racistas, xen\u00f3fobo, ofensivos, de apolog\u00eda del terrorismo o, en general, contrarios a la ley o al orden p\u00fablico.<\/p>\n<\/li>\n<li dir=\"ltr\">\n<p dir=\"ltr\">Introducir en la red virus inform\u00e1ticos o realizar actuaciones susceptibles de alterar, estropear, interrumpir o generar errores o da\u00f1os en los documentos electr\u00f3nicos, datos o sistemas f\u00edsicos y l\u00f3gicos de HERMANN INMOBILIARIA, Maria Rosario \u00c1gueda Rodriguez o de terceras personas; as\u00ed como obstaculizar el acceso de otros Usuarios al sitio Web y a sus servicios.<\/p>\n<\/li>\n<li dir=\"ltr\">\n<p dir=\"ltr\">Intentar acceder a \u00e1reas restringidas de los sistemas inform\u00e1ticos de HERMANN INMOBILIARIA, Maria Rosario \u00c1gueda Rodriguez o de terceros y, en su caso, extraer informaci\u00f3n.<\/p>\n<\/li>\n<li dir=\"ltr\">\n<p dir=\"ltr\">Vulnerar los derechos de propiedad intelectual o industrial, as\u00ed como violar la confidencialidad de la informaci\u00f3n de HERMANN INMOBILIARIA, Maria Rosario \u00c1gueda Rodriguez o de terceros.<\/p>\n<\/li>\n<li dir=\"ltr\">\n<p dir=\"ltr\">Suplantar la identidad de otro Usuario, de las administraciones p\u00fablicas o de un tercero.<\/p>\n<\/li>\n<li dir=\"ltr\">\n<p dir=\"ltr\">Reproducir, copiar, distribuir, poner a disposici\u00f3n o de cualquier otra forma comunicar p\u00fablicamente, transformar o modificar los contenidos, a menos que se cuente con la autorizaci\u00f3n del titular de los correspondientes derechos o ello resulte legalmente permitido<\/p>\n<\/li>\n<li dir=\"ltr\">\n<p dir=\"ltr\">Recabar datos con finalidad publicitaria y de remitir publicidad de cualquier clase y comunicaciones con fines de venta u otras de naturaleza comercial sin que medie su previa solicitud o consentimiento.<\/p>\n<\/li>\n<\/ul>\n<p>&nbsp;<\/p>\n<p dir=\"ltr\"><strong>Procedimiento en caso de realizaci\u00f3n de actividades de car\u00e1cter il\u00edcito<\/strong><\/p>\n<p dir=\"ltr\">En el caso de que cualquier usuario o un tercero considere que existen hechos o circunstancias que revelen el car\u00e1cter il\u00edcito de la utilizaci\u00f3n de cualquier contenido y\/o de la realizaci\u00f3n de cualquier actividad en las p\u00e1ginas Web incluidas o accesibles a trav\u00e9s del sitio Web, deber\u00e1 enviar una notificaci\u00f3n a HERMANN INMOBILIARIA, Maria Rosario \u00c1gueda Rodriguez identific\u00e1ndose debidamente, especificando las supuestas infracciones y declarando expresamente y bajo su responsabilidad que la informaci\u00f3n proporcionada en la notificaci\u00f3n es exacta.<\/p>\n<p dir=\"ltr\"><strong>Instrucciones para la cumplimentaci\u00f3n de los diversos formularios o apartados. Edad m\u00ednima<\/strong><\/p>\n<p dir=\"ltr\">Todos los campos marcados con un (*) son de cumplimentaci\u00f3n obligatoria. Si no los cumplimenta en su totalidad no podremos atender su solicitud. Los formularios solo pueden ser cumplimentados por personas mayores de 14 a\u00f1os, ya que los menores de 14 a\u00f1os no pueden facilitar sus datos sin consentimiento de sus padres o tutores. Solo los mayores de 14 a\u00f1os podr\u00e1n realizar solicitudes. El Usuario garantiza que es mayor de catorce a\u00f1os y asegura la autenticidad y actualidad de todos aquellos datos que comunique a HERMANN INMOBILIARIA, Maria Rosario \u00c1gueda Rodriguez y ser\u00e1 el \u00fanico responsable de las manifestaciones falsas o inexactas que realice.<\/p>\n<p dir=\"ltr\"><strong>Confidencialidad de los datos y medidas de seguridad<\/strong><\/p>\n<p dir=\"ltr\">HERMANN INMOBILIARIA, Maria Rosario \u00c1gueda Rodriguez garantiza la adopci\u00f3n de las medidas oportunas para asegurar el tratamiento confidencial de dichos datos establecidas en el RD 1720\/2007, de 26 de diciembre \u00a0por el que se aprueba el Reglamento de desarrollo de la Ley Org\u00e1nica 15\/99, de 13 de diciembre, de Protecci\u00f3n de Datos de Car\u00e1cter Personal, en especial garantiza la confidencialidad de los datos.<\/p>\n<p dir=\"ltr\"><strong>Ejercicio de derechos<\/strong><\/p>\n<p dir=\"ltr\">HERMANN INMOBILIARIA, Maria Rosario \u00c1gueda Rodriguez le informa que podr\u00e1 ejercer los derechos de acceso, rectificaci\u00f3n, cancelaci\u00f3n y oposici\u00f3n, identific\u00e1ndose en los t\u00e9rminos establecidos legalmente (por medio de copia del DNI u otro documento identificativo), indicando el derecho concreto que desea ejercitar y direcci\u00f3n o forma de contacto a efectos de notificaci\u00f3n en la siguiente direcci\u00f3n: Avda. Tanaus\u00fa, 18 38750 EL Paso o en el siguiente correo-e info@iklp.eu<\/p>\n<p dir=\"ltr\"><strong>Cesi\u00f3n de Datos<\/strong><\/p>\n<p dir=\"ltr\">En ocasiones HERMANN INMOBILIARIA, Maria Rosario \u00c1gueda Rodriguez puede poner informaci\u00f3n personal a disposici\u00f3n de terceros con los que HERMANN INMOBILIARIA, Maria Rosario \u00c1gueda Rodriguez mantiene una relaci\u00f3n para brindar productos o servicios a nuestros usuarios. HERMANN INMOBILIARIA, Maria Rosario \u00c1gueda Rodriguez comparte la informaci\u00f3n personal \u00fanicamente para ofrecer o mejorar sus productos, servicios, o con fines publicitarios.<\/p>\n<p dir=\"ltr\"><strong>Enlaces a otros sitios web<\/strong><\/p>\n<p dir=\"ltr\">Si opta por abandonar nuestro sitio Web a trav\u00e9s de enlaces a otros sitios Web no pertenecientes a nuestra entidad, HERMANN INMOBILIARIA, Maria Rosario \u00c1gueda Rodriguez no se har\u00e1 responsable de las pol\u00edticas de privacidad de dichos sitios Web ni de las cookies que estos puedan almacenar en el ordenador del usuario.<\/p>\n<p dir=\"ltr\"><strong>Enlaces a otros sitios web<\/strong><\/p>\n<p dir=\"ltr\">Si opta por abandonar nuestro sitio Web a trav\u00e9s de enlaces a otros sitios Web no pertenecientes a nuestra entidad, https:\/\/hermann.iklp.eu no se har\u00e1 responsable de las pol\u00edticas de privacidad de dichos sitios Web ni de las cookies que estos puedan almacenar en el ordenador del usuario.<\/p>\n<p dir=\"ltr\"><strong>Notificaciones<\/strong><\/p>\n<p dir=\"ltr\">Todas las notificaciones y comunicaciones entre los usuarios y\u00a0HERMANN INMOBILIARIA, Maria Rosario \u00c1gueda Rodriguez se considerar\u00e1n eficaces, a todos los efectos, cuando se realicen a trav\u00e9s de correo postal o correo electr\u00f3nico o comunicaci\u00f3n telef\u00f3nica. Los usuarios deber\u00e1n dirigirse a HERMANN INMOBILIARIA, Maria Rosario \u00c1gueda Rodriguez mediante:<\/p>\n<p dir=\"ltr\">Env\u00edo por correo postal a la siguiente direcci\u00f3n: HERMANN INMOBILIARIA, Maria Rosario \u00c1gueda Rodriguez \u2013 Avda. Tanaus\u00fa, 18 \u2013 38750 EL Paso.<\/p>\n<p dir=\"ltr\">Env\u00edo por correo electr\u00f3nico a la siguiente direcci\u00f3n: info@iklp.eu<\/p>\n<p dir=\"ltr\"><strong>Propiedad Industrial y propiedad intelectual<\/strong><\/p>\n<p dir=\"ltr\">Todos los contenidos del sitio Web, como textos, fotograf\u00edas, gr\u00e1ficos, im\u00e1genes, iconos, tecnolog\u00eda, software, as\u00ed como su dise\u00f1o gr\u00e1fico y c\u00f3digos fuente, constituyen una obra cuya propiedad pertenece a HERMANN INMOBILIARIA, Maria Rosario \u00c1gueda Rodriguez, sin que puedan entenderse cedidos al Usuario ninguno de los derechos de explotaci\u00f3n sobre los mismos m\u00e1s all\u00e1 de lo estrictamente necesario para el correcto uso de la Web.<\/p>\n<p dir=\"ltr\">En definitiva, los usuarios que accedan a este sitio Web pueden visualizar los contenidos y efectuar, en su caso, copias privadas autorizadas siempre que los elementos reproducidos no sean cedidos posteriormente a terceros, ni se instalen a servidores conectados a redes, ni sean objeto de ning\u00fan tipo de explotaci\u00f3n y \u00fanica y exclusivamente mientras se encuentre en vigor el servicio.<\/p>\n<p dir=\"ltr\">Asimismo, todas las marcas, nombres comerciales o signos distintivos de cualquier clase que aparecen en el sitio Web son propiedad de HERMANN INMOBILIARIA, Maria Rosario \u00c1gueda Rodriguez, sin que pueda entenderse que el uso o acceso al mismo atribuya al Usuario derecho alguno sobre los mismos.<\/p>\n<p dir=\"ltr\">Quedan prohibidas la distribuci\u00f3n, modificaci\u00f3n, cesi\u00f3n o comunicaci\u00f3n p\u00fablica de los contenidos y cualquier otro acto que no haya sido expresamente autorizado por HERMANN INMOBILIARIA, Maria Rosario \u00c1gueda Rodriguez. En caso de incumplimiento HERMANN INMOBILIARIA, Maria Rosario \u00c1gueda Rodriguez proceder\u00e1 a adoptar las medidas legales oportunas.<\/p>\n<p dir=\"ltr\"><strong>Exenci\u00f3n de responsabilidad y modificaci\u00f3n del presente aviso legal<\/strong><\/p>\n<p dir=\"ltr\">La informaci\u00f3n que se difunde en esta web se hace \u00fanica y exclusivamente a t\u00edtulo informativo, reserv\u00e1ndose HERMANN INMOBILIARIA, Maria Rosario \u00c1gueda Rodriguez el derecho de eliminar o suspender su difusi\u00f3n, total o parcialmente, y a modificar la estructura y contenido de este sitio Web sin aviso previo, pudiendo incluso limitar o no permitir el acceso a dicha informaci\u00f3n. HERMANN INMOBILIARIA, Maria Rosario \u00c1gueda Rodriguez intenta \u00a0mantener la calidad y actualizaci\u00f3n de esta informaci\u00f3n y evitar y minimizar posibles errores pero HERMANN INMOBILIARIA, Maria Rosario \u00c1gueda Rodriguez no responder\u00e1 de los da\u00f1os o perjuicios causados por decisiones tomadas en base a la informaci\u00f3n difundida; ni de inexactitudes, omisiones o errores contenidos en el mismo, ni de los problemas que se originen por el uso de este sitio Web u otro de conexi\u00f3n externa; ni de los da\u00f1os y\/o perjuicios en el software o hardware del usuario que se deriven del acceso a este sitio Web.<\/p>\n<p dir=\"ltr\">Los Usuarios aceptan expresamente que\u00a0HERMANN INMOBILIARIA, Maria Rosario \u00c1gueda Rodriguez no ser\u00e1 responsable del acceso no autorizado o alteraci\u00f3n de sus transmisiones o datos, de cualquier material o datos enviados o recibidos o no enviados o recibidos, ni de ninguna transacci\u00f3n realizada a trav\u00e9s de su web.<\/p>\n<p dir=\"ltr\">HERMANN INMOBILIARIA, Maria Rosario \u00c1gueda Rodriguez se reserva el derecho a modificar el presente aviso legal unilateralmente y sin preaviso en los t\u00e9rminos y condiciones que estime conveniente con la \u00fanica obligaci\u00f3n de informar al usuario de las modificaciones efectuadas a trav\u00e9s de https:\/\/hermann.iklp.eu<\/p>\n<div>Dado el car\u00e1cter gratuito de determinados servicios (ofrecimiento de informaci\u00f3n, visitas\u2026) ofrecidos por HERMANN INMOBILIARIA, Maria Rosario \u00c1gueda Rodriguez, \u00e9sta se reserva el derecho de no proporcionarlos a determinados clientes cuando no exista relaci\u00f3n contractual para ello.<\/div>\n<div><\/div>\n<div><strong>Ley aplicable y tribunales competentes<\/strong><\/div>\n<p dir=\"ltr\">El presente sitio web queda sometido a lo establecido por la legislaci\u00f3n espa\u00f1ola. Los tribunales de Santa Cruz de Tenerife, ser\u00e1n los competentes para conocer acerca de cualquier controversia que pueda con respecto a la utilizaci\u00f3n de la presente p\u00e1gina.<\/p>\n\t\t\t\t\t\t\t\t<\/div>\n\t\t\t\t<\/div>\n\t\t\t\t\t<\/div>\n\t\t<\/div>\n\t\t\t\t\t<\/div>\n\t\t<\/section>\n\t\t\t\t<\/div>\n\t\t","protected":false},"excerpt":{"rendered":"<p>Objeto y aceptaci\u00f3n El presente aviso legal regula el uso del sitio Web: https:\/\/hermann.iklp.eu Datos del Prestador de Servicios de la Sociedad de la Informaci\u00f3n El presente sitio web pertenece a HERMANN INMOBILIARIA, Maria Rosario \u00c1gueda Rodriguez, con CIF 42179669S, direcci\u00f3n en Avda. Tanaus\u00fa, 18, 38750 EL Paso. La navegaci\u00f3n por la p\u00e1gina https:\/\/hermann.iklp.eu atribuye&#8230;<\/p>\n","protected":false},"author":1,"featured_media":0,"parent":0,"menu_order":32,"comment_status":"closed","ping_status":"closed","template":"","meta":{"footnotes":""},"class_list":["post-1807","page","type-page","status-publish","hentry"],"_links":{"self":[{"href":"https:\/\/hermann.iklp.eu\/es\/wp-json\/wp\/v2\/pages\/1807","targetHints":{"allow":["GET"]}}],"collection":[{"href":"https:\/\/hermann.iklp.eu\/es\/wp-json\/wp\/v2\/pages"}],"about":[{"href":"https:\/\/hermann.iklp.eu\/es\/wp-json\/wp\/v2\/types\/page"}],"author":[{"embeddable":true,"href":"https:\/\/hermann.iklp.eu\/es\/wp-json\/wp\/v2\/users\/1"}],"replies":[{"embeddable":true,"href":"https:\/\/hermann.iklp.eu\/es\/wp-json\/wp\/v2\/comments?post=1807"}],"version-history":[{"count":14,"href":"https:\/\/hermann.iklp.eu\/es\/wp-json\/wp\/v2\/pages\/1807\/revisions"}],"predecessor-version":[{"id":3589,"href":"https:\/\/hermann.iklp.eu\/es\/wp-json\/wp\/v2\/pages\/1807\/revisions\/3589"}],"wp:attachment":[{"href":"https:\/\/hermann.iklp.eu\/es\/wp-json\/wp\/v2\/media?parent=1807"}],"curies":[{"name":"wp","href":"https:\/\/api.w.org\/{rel}","templated":true}]}}