{"id":2210,"date":"2021-05-16T11:39:22","date_gmt":"2021-05-16T10:39:22","guid":{"rendered":"https:\/\/hermann.iklp.eu\/new\/politica-de-privacidad\/"},"modified":"2021-05-16T11:45:31","modified_gmt":"2021-05-16T10:45:31","slug":"politica-de-privacidad","status":"publish","type":"page","link":"https:\/\/hermann.iklp.eu\/es\/politica-de-privacidad\/","title":{"rendered":"Pol\u00edtica de Privacidad"},"content":{"rendered":"\n<h2 class=\"wp-block-heading\"> <\/h2>\n\n<h3 class=\"wp-block-heading\"> <\/h3>\n\n<p> <\/p>\n\n<h3 class=\"wp-block-heading\"> <\/h3>\n\n<p><div class=\"wpb_column vc_column_container vc_col-sm-8\">&#13;\n<div class=\"vc_column-inner \">&#13;\n<div class=\"wpb_wrapper\">&#13;\n<div class=\"wpb_text_column wpb_content_element \">&#13;\n<div class=\"wpb_wrapper\">&#13;\n<p align=\"justify\">HERMANN INMOBILIARIA, Maria Rosario \u00c1gueda Rodriguez. C.I.F. 42179669S. Avda. Tanaus\u00fa, 18 \u2013 EL Paso 38750.<\/p>&#13;\n<p align=\"justify\"><strong>Introducci\u00f3n<\/strong><\/p>&#13;\n<p align=\"justify\"><a href=\"https:\/\/hermann.iklp.eu\/\">hermann.iklp.eu<\/a> representa la p\u00e1gina web de \u00abHERMANN INMOBILIARIA, Maria Rosario \u00c1gueda Rodriguez\u00bb. (en adelante \u00abHERMANN INMOBILIARIA\u00bb) desde la cual se ofrecen al usuario informaci\u00f3n de la compa\u00f1\u00eda.<\/p>&#13;\n<p align=\"justify\"><strong>Legislaci\u00f3n y Jurisdicci\u00f3n aplicables<\/strong><\/p>&#13;\n<p align=\"justify\">Con car\u00e1cter general las relaciones entre \u00abHERMANN INMOBILIARIA, Maria Rosario \u00c1gueda Rodriguez\u00bb (en adelante \u00abHERMANN INMOBILIARIA\u00bb) con sus clientes derivadas la prestaci\u00f3n de los productos y servicios contenidos en la presente web se encuentran sometidas a la legislaci\u00f3n y jurisdicci\u00f3n espa\u00f1olas.<\/p>&#13;\n<p align=\"justify\"><strong>Pol\u00edtica de privacidad<\/strong><\/p>&#13;\n<p align=\"justify\">POLITICA DE PROTECCI\u00d3N DE DATOS HERMANN INMOBILIARIA.<\/p>&#13;\nAVISO LEGAL WEB \u2013 RGPD&#13;\n&#13;\nEn cumplimiento del Reglamento (UE) 2016\/679 del Parlamento Europeo y del Consejo, de 27 de abril de 2016 y de la normativa vigente en materia de protecci\u00f3n de datos, ponemos en su conocimiento que el responsable del tratamiento de sus datos es HERMANN INMOBILIARIA (CIF: 42179669S), con domicilio en Avda. Tanaus\u00fa, 18, 38750 EL Paso y con datos de contacto de DPO: info@iklp.eu, en adelante HERMANN INMOBILIARIA.&#13;\n<ol><li>Finalidades<\/li>&#13;\n<\/ol>&#13;\nHERMANN INMOBILIARIA le informa que tratamos los datos de car\u00e1cter personal que se nos facilitan para gestionar relaciones comerciales y ofrecer a personas interesadas y a clientes de HERMANN INMOBILIARIA informaci\u00f3n sobre actividades, productos y servicios relacionados con el sector inmobiliario en general y sobre nuestra empresa en particular, en concreto, informaci\u00f3n sobre:&#13;\n<ul><li style=\"list-style-type: none;\">&#13;\n<ul><li>Novedades comerciales inmobiliarias relacionadas con los rangos de b\u00fasqueda de los clienteS<\/li>&#13;\n \t<li>Cambios de precio de los inmuebles comercializados que se ajusten a los rangos de b\u00fasqueda de los clientes<\/li>&#13;\n<\/ul><\/li>&#13;\n<\/ul>&#13;\nLas comunicaciones sobre actividades, productos y servicios relacionadas con el sector inmobiliario podr\u00e1n ser realizadas por cualquier medio, incluidos los medios electr\u00f3nicos. El interesado deber\u00e1 autorizar el env\u00edo de comunicaciones comerciales de forma expl\u00edcita, mediante el marcado de las correspondientes casillas, en cualquiera de los formularios de solicitud de datos.&#13;\n<ol><li>DATOS QUE SE TRATAN<\/li>&#13;\n<\/ol>&#13;\nLos datos a tratar por HERMANN INMOBILIARIA en el marco de la relaci\u00f3n con el interesado y condicionado a las finalidades consentidas, se incluyen en las siguientes categor\u00edas:&#13;\n<ul><li>Datos identificativos y de contacto, por ejemplo, a t\u00edtulo enunciativo y no limitativo: nombre, apellidos, tel\u00e9fono o correo electr\u00f3nico.<\/li>&#13;\n \t<li>Datos de informaci\u00f3n comercial en funci\u00f3n de las indicaciones recibidas.<\/li>&#13;\n \t<li style=\"list-style-type: none;\">&#13;\n<ol><li style=\"list-style-type: none;\"><\/li>&#13;\n \t<li>CONSERVACI\u00d3N DE LOS DATOS<\/li>&#13;\n<\/ol><\/li>&#13;\n<\/ul>&#13;\nLos datos personales proporcionados se conservar\u00e1n mientras sean necesarios para dar respuesta a la relaci\u00f3n contractual, para dar respuesta a las peticiones o solicitudes realizadas, y en cualquier caso mientras no se solicite la supresi\u00f3n por el interesado, as\u00ed como el tiempo necesario para dar cumplimiento a las obligaciones legales que en cada caso correspondan acorde con cada tipolog\u00eda de datos.&#13;\n<ol><li style=\"list-style-type: none;\">&#13;\n<ol><li>DESTINATARIOS A LOS QUE SE COMUNICAR\u00c1N LOS DATOS<\/li>&#13;\n<\/ol><\/li>&#13;\n<\/ol>&#13;\nLos datos del interesado podr\u00e1n ser comunicados a la a entidades relacionadas con la actividad comercial de HERMANN INMOBILIARIA, a t\u00edtulo de ejemplo: notar\u00edas, entidades financieras, gestor\u00edas y organismos oficiales, exclusivamente para las finalidades indicadas o el resultado de las mismas.&#13;\n&#13;\nTambi\u00e9n podr\u00e1n ser cedidos en los casos en que exista una obligaci\u00f3n legal.&#13;\n<ol><li>&#13;\n<ol><li>LEGITIMACI\u00d3N PARA EL TRATAMIENTO DE SUS DATOS<\/li>&#13;\n<\/ol><\/li>&#13;\n<\/ol>&#13;\nLa base legal para gestionar la relaci\u00f3n con el cliente y otros interesados y para ofrecer informaci\u00f3n sobre actividades, productos y servicios relacionados HERMANN INMOBILIARIA puede ser la ejecuci\u00f3n de un contrato, o bien, el consentimiento inequ\u00edvoco del interesado en caso de no existir una relaci\u00f3n contractual previa.&#13;\n<ol><li style=\"list-style-type: none;\">&#13;\n<ol><li>DERECHOS DEL INTERESADO<\/li>&#13;\n<\/ol><\/li>&#13;\n<\/ol>&#13;\nCualquier persona tiene derecho a obtener confirmaci\u00f3n sobre si en HERMANN INMOBILIARIA estamos tratando datos personales que le conciernan o no. Las personas interesadas y clientes tienen derecho a acceder a sus datos personales, as\u00ed como a solicitar la rectificaci\u00f3n de los datos inexactos o, en su caso, solicitar su supresi\u00f3n cuando, entre otros motivos, los datos ya no sean necesarios para los fines que fueron recogidos.&#13;\n&#13;\nEn determinadas circunstancias y por motivos relacionados con su situaci\u00f3n particular, los clientes o interesados podr\u00e1n oponerse al tratamiento de sus datos. HERMANN INMOBILIARIA dejar\u00e1 de tratar los datos salvo por motivos leg\u00edtimos imperiosos, o el ejercicio o la defensa de posibles reclamaciones.&#13;\n&#13;\nEn determinadas circunstancias, los clientes o interesados podr\u00e1n solicitar la limitaci\u00f3n del tratamiento, de modo de HERMANN INMOBILIARIA s\u00f3lo los reservar\u00e1 y utilizar\u00e1 en los casos autorizados por la LEY.&#13;\n&#13;\nCuando los datos se recogen en un formato estructurado, los clientes o interesados podr\u00e1n pedir a HERMANN INMOBILIARIA la transmisi\u00f3n directa de sus datos a otros responsables o recibir sus datos en formato electr\u00f3nico, para almacenarlos en sus dispositivos propios, sin necesidad de transmitirlos a otros responsables.&#13;\n&#13;\nEl interesado podr\u00e1 ejercer dichos directos mediante el env\u00edo de un correo electr\u00f3nico a la direcci\u00f3n info@iklp.eu, adjuntando fotocopia del DNI o documento identificativo sustitutorio e indicando claramente el derecho que desea ejercer. Asimismo, podr\u00e1 realizar la solicitud por correo postal a la direcci\u00f3n: Avda. Tanaus\u00fa, 18, 38750 EL Paso.&#13;\n<p align=\"justify\"><strong>Propiedad intelectual e industrial<\/strong><\/p>&#13;\n<p align=\"justify\">Los derechos de propiedad intelectual del contenido de las p\u00e1ginas web, su dise\u00f1o gr\u00e1fico y c\u00f3digos son titularidad de \u00abHERMANN INMOBILIARIA\u00bb y, por tanto, queda prohibida su reproducci\u00f3n, distribuci\u00f3n, comunicaci\u00f3n p\u00fablica y transformaci\u00f3n, salvo para uso personal y privado. Igualmente, todos los nombres comerciales, marcas o signos distintos de cualquier clase contenidos en las p\u00e1ginas web de \u00abHERMANN INMOBILIARIA\u00bb est\u00e1n protegidos por la ley.<\/p>&#13;\n<p align=\"justify\"><strong>Contenido de la web y links<\/strong><\/p>&#13;\n<p align=\"justify\">\u00abHERMANN INMOBILIARIA\u00bb no se responsabiliza del mal uso que se realice de los contenidos de sus p\u00e1ginas web, siendo exclusiva responsabilidad de la persona que accede a ellos o los utilice. \u00abHERMANN INMOBILIARIA\u00bb no se responsabiliza de la informaci\u00f3n contenida en p\u00e1ginas web de terceros a las que se pueda acceder por enlaces (links) o buscadores de las p\u00e1ginas web de \u00abHERMANN INMOBILIARIA\u00bb. La presencia de enlaces (links) en las p\u00e1ginas web de \u00abHERMANN INMOBILIARIA\u00bb tiene finalidad meramente informativa y en ning\u00fan caso supone sugerencia, invitaci\u00f3n o recomendaci\u00f3n sobre los mismos.<\/p>&#13;\n<p align=\"justify\"><strong>Alta como Cliente que autorice<\/strong><\/p>&#13;\n<p align=\"justify\">El Usuario queda informado, y acepta, que la remisi\u00f3n de una solicitud de alta como Cliente a trav\u00e9s de \u00abhermann.iklp.eu\u00bb as\u00ed como la petici\u00f3n de contrataci\u00f3n de cualquiera de los productos o servicios incluidos en el presente web, no suponen, en modo alguno, el inicio de una relaci\u00f3n comercial con \u00abHERMANN INMOBILIARIA\u00bb, debiendo aceptarla expresamente.<\/p>&#13;\n<p align=\"justify\"><strong>Informaci\u00f3n sobre aspectos t\u00e9cnicos<\/strong><\/p>&#13;\n<p align=\"justify\">HERMANN INMOBILIARIA\u00a0no ser\u00e1 responsable de posibles da\u00f1os o perjuicios que se pudieran derivar de interferencias omisiones, interrupciones, virus inform\u00e1ticos, aver\u00edas telef\u00f3nicas o desconexiones en el funcionamiento operativo de este sistema electr\u00f3nico, motivadas por causas ajenas a \u00abnombre\u00bb; de retrasos o bloqueos en el uso del presente sistema electr\u00f3nico causados por deficiencias o sobrecargas de l\u00edneas telef\u00f3nicas o sobrecargas en el Centro de Procesos de Datos, en el sistema de Internet o en otros sistemas electr\u00f3nicos, as\u00ed como de da\u00f1os que puedan ser causados por terceras personas mediante intromisiones ileg\u00edtimas fuera del control de \u00abHERMANN INMOBILIARIA\u00bb. Asimismo, se exonera a \u00abHERMANN INMOBILIARIA\u00bb de responsabilidad ante cualquier da\u00f1o o perjuicio que pudiera sufrir el usuario como consecuencia de errores, defectos u omisiones, en la informaci\u00f3n facilitada por \u00abHERMANN INMOBILIARIA\u00bb siempre que proceda de fuentes ajenas a \u00abHERMANN INMOBILIARIA\u00bb.<\/p>&#13;\n&#13;\n<h4><\/h4>&#13;\n<h4>POL\u00cdTICA DE COOKIES<\/h4>&#13;\n<h4>\u00bfQu\u00e9 son las cookies?<\/h4>&#13;\nUna cookie es un fichero que se descarga en su ordenador al acceder a determinadas p\u00e1ginas web. Las cookies permiten a una p\u00e1gina web, entre otras cosas, almacenar y recuperar informaci\u00f3n sobre h\u00e1bitos de navegaci\u00f3n de un usuario o de su equipo y, dependiendo de la informaci\u00f3n que contengan y de la forma que utilice su equipo, pueden utilizarse para reconocer al usuario.&#13;\n<h4>\u00bfPara qu\u00e9 utiliza las cookies esta p\u00e1gina web y cu\u00e1les son?<\/h4>&#13;\nEsta p\u00e1gina web utiliza las cookies para una serie de finalidades, incluidas:&#13;\n<ul><li>\u00a0An\u00e1lisis: son aquellas cookies que bien, tratadas por nosotros o por terceros, nos permiten cuantificar el n\u00famero de usuarios y as\u00ed realizar la medici\u00f3n y an\u00e1lisis estad\u00edstico de la utilizaci\u00f3n que hacen los usuarios del servicio. Para ello se analiza su navegaci\u00f3n en nuestra p\u00e1gina web con el fin de mejorar la experiencia del usuario.<\/li>&#13;\n<\/ul>&#13;\nNota: Las cookies de tipo \u2018Propias\u2019 son utilizadas s\u00f3lo por el propietario de esta web y las cookies \u2018De terceros\u2019 son utilizadas, por el prestador del servicio que est\u00e1 detallado en el cuadro anterior.&#13;\n&#13;\n<strong>\u00bfC\u00f3mo puedo impedir la instalaci\u00f3n de cookies?<\/strong>&#13;\n<p dir=\"ltr\">El usuario puede configurar su navegador para aceptar, o no, las cookies que recibe o para que el navegador le avise cuando un servidor quiera guardar una cookie. Si se deshabilitan algunas cookies no se garantiza el correcto funcionamiento de algunas de las utilidades de la web.<\/p>&#13;\n<p dir=\"ltr\">A continuaci\u00f3n le facilitamos algunos ejemplos de c\u00f3mo deshabilitar las cookies en funci\u00f3n del tipo de navegador utilizado:<\/p>&#13;\n&#13;\n<ul><li dir=\"ltr\">&#13;\n<p dir=\"ltr\">Microsoft Internet Explorer: opci\u00f3n de men\u00fa Herramientas, seleccionando Opciones de Internet y accediendo a Privacidad.<\/p>&#13;\n<\/li>&#13;\n \t<li dir=\"ltr\">&#13;\n<p dir=\"ltr\">Firefox para Mac: opci\u00f3n de men\u00fa Preferencias, seleccionando Privacidad, accediendo al apartado Mostrar Cookies<\/p>&#13;\n<\/li>&#13;\n \t<li dir=\"ltr\">&#13;\n<p dir=\"ltr\">Firefox para Windows: \u00a0acuda a la opci\u00f3n de men\u00fa Herramientas, seleccione Opciones, acceda a Privacidad y luego a Usar una configuraci\u00f3n personalizada para el historial<\/p>&#13;\n<\/li>&#13;\n \t<li dir=\"ltr\">&#13;\n<p dir=\"ltr\">Safari: acceda a \u00a0la opci\u00f3n de men\u00fa Preferencias y seleccione Privacidad.<\/p>&#13;\n<\/li>&#13;\n \t<li dir=\"ltr\">&#13;\n<p dir=\"ltr\">Google Chrome: en la opci\u00f3n de men\u00fa Herramientas, seleccionando Opciones (Preferencias en Mac), accediendo a Avanzadas y luego en la opci\u00f3n Configuraci\u00f3n Contenido de la secci\u00f3n Privacidad, y finalmente marcando Cookies en el apartado Configuraci\u00f3n de contenido.<\/p>&#13;\n<\/li>&#13;\n<\/ul><\/div>&#13;\n<\/div>&#13;\n<\/div>&#13;\n<\/div>&#13;\n<\/div><\/p>\n\n<p> <\/p>\n\n<p><b>\u00a0<\/b><\/p>\n\n<p> <\/p>\n\n<p> <\/p>\n\n<p><b>\u00a0<\/b><\/p>\n\n<p> <\/p>\n\n<p><b>\u00a0<\/b><\/p>\n\n<p> <\/p>\n\n<h2 class=\"wp-block-heading\"> <\/h2>\n\n<h3 class=\"wp-block-heading\"> <\/h3>\n\n<p> <\/p>\n\n<p> <\/p>\n\n<p> <\/p>\n\n<h3 class=\"wp-block-heading\"> <\/h3>\n\n<p> <\/p>\n\n<p>\u00a0<\/p>\n\n<p>\u00a0<\/p>\n\n<p> <\/p>\n\n<h3 class=\"wp-block-heading\"> <\/h3>\n\n<p> <\/p>\n\n<h3 class=\"wp-block-heading\"> <\/h3>\n\n<p>\u00a0<\/p>\n\n<h3 class=\"wp-block-heading\"> <\/h3>\n\n<p> <\/p>\n\n<h3 class=\"wp-block-heading\"> <\/h3>\n\n<p> <\/p>\n\n<p> <\/p>\n\n<h3 class=\"wp-block-heading\"> <\/h3>\n\n<p> <\/p>\n\n<h3 class=\"wp-block-heading\"> <\/h3>\n\n<p> <\/p>\n\n<h2 class=\"wp-block-heading\"> <\/h2>\n\n<h3 class=\"wp-block-heading\"> <\/h3>\n\n<p> <\/p>\n\n<p> <\/p>\n\n<p> <\/p>\n\n<p> <\/p>\n\n<h3 class=\"wp-block-heading\"> <\/h3>\n\n<p> <\/p>\n\n<ul class=\"wp-block-list\"><li> <\/li><li> <\/li><li> <\/li><li> <\/li><li> <\/li><li> <\/li><\/ul>\n<p> <\/p>\n\n<p> <\/p>\n\n<h3 class=\"wp-block-heading\"> <\/h3>\n\n<p> <\/p>\n\n<p> <\/p>\n\n<p> <\/p>\n\n<h2 class=\"wp-block-heading\"> <\/h2>\n\n<h3 class=\"wp-block-heading\"> <\/h3>\n\n<p> <\/p>\n\n<p> <\/p>\n\n<p> <\/p>\n\n<p>\u00a0<\/p>\n\n<h3 class=\"wp-block-heading\"> <\/h3>\n\n<p> <\/p>\n\n<p> <\/p>\n\n<p> <\/p>\n\n<p>\u00a0<\/p>\n","protected":false},"excerpt":{"rendered":"<p>&#13; &#13; &#13; &#13; &#13; HERMANN INMOBILIARIA, Maria Rosario \u00c1gueda Rodriguez. C.I.F. 42179669S. Avda. Tanaus\u00fa, 18 \u2013 EL Paso 38750. &#13; Introducci\u00f3n &#13; hermann.iklp.eu representa la p\u00e1gina web de \u00abHERMANN INMOBILIARIA, Maria Rosario \u00c1gueda Rodriguez\u00bb. (en adelante \u00abHERMANN INMOBILIARIA\u00bb) desde la cual se ofrecen al usuario informaci\u00f3n de la compa\u00f1\u00eda. &#13; Legislaci\u00f3n y Jurisdicci\u00f3n aplicables&#8230;<\/p>\n","protected":false},"author":1,"featured_media":0,"parent":0,"menu_order":38,"comment_status":"closed","ping_status":"closed","template":"","meta":{"footnotes":""},"class_list":["post-2210","page","type-page","status-publish","hentry"],"_links":{"self":[{"href":"https:\/\/hermann.iklp.eu\/es\/wp-json\/wp\/v2\/pages\/2210","targetHints":{"allow":["GET"]}}],"collection":[{"href":"https:\/\/hermann.iklp.eu\/es\/wp-json\/wp\/v2\/pages"}],"about":[{"href":"https:\/\/hermann.iklp.eu\/es\/wp-json\/wp\/v2\/types\/page"}],"author":[{"embeddable":true,"href":"https:\/\/hermann.iklp.eu\/es\/wp-json\/wp\/v2\/users\/1"}],"replies":[{"embeddable":true,"href":"https:\/\/hermann.iklp.eu\/es\/wp-json\/wp\/v2\/comments?post=2210"}],"version-history":[{"count":5,"href":"https:\/\/hermann.iklp.eu\/es\/wp-json\/wp\/v2\/pages\/2210\/revisions"}],"predecessor-version":[{"id":2215,"href":"https:\/\/hermann.iklp.eu\/es\/wp-json\/wp\/v2\/pages\/2210\/revisions\/2215"}],"wp:attachment":[{"href":"https:\/\/hermann.iklp.eu\/es\/wp-json\/wp\/v2\/media?parent=2210"}],"curies":[{"name":"wp","href":"https:\/\/api.w.org\/{rel}","templated":true}]}}